{"id":21,"date":"2025-05-31T10:49:01","date_gmt":"2025-05-31T09:49:01","guid":{"rendered":"https:\/\/www.thesoundofthebody.org\/?page_id=21"},"modified":"2025-06-06T09:27:14","modified_gmt":"2025-06-06T07:27:14","slug":"il-nostro-statuto","status":"publish","type":"page","link":"https:\/\/www.thesoundofthebody.org\/index.php\/il-nostro-statuto\/","title":{"rendered":"Il nostro Statuto"},"content":{"rendered":"\n<figure class=\"wp-block-pullquote\"><blockquote><p><strong><em>Echoes &#8211; The Sound of the Body<\/em><\/strong><\/p><\/blockquote><\/figure>\n\n\n\n<p class=\"has-text-align-center\"><strong><em>Statuto<\/em><\/strong><\/p>\n\n\n\n<p class=\"has-text-align-left\"><strong><em>Sezione 1: Denominazione, Scopo e Sede<\/em><\/strong><\/p>\n\n\n\n<p><strong><em>Articolo 1: Denominazione<\/em><\/strong><\/p>\n\n\n\n<p>Il giorno 7 giugno 2012, su iniziativa dei soci promotori Andrea Casamassima e Diego Mariani si \u00e8 costituita l\u2019associazione culturale Echoes &#8211; The Sound of the Body (di seguito Echoes o l\u2019Associazione).<\/p>\n\n\n\n<p>Echoes \u00e8 una libera associazione senza scopo di lucro.<\/p>\n\n\n\n<p><strong><em>Articolo 2: Scopo<\/em><\/strong><\/p>\n\n\n\n<p>Lo scopo di Echoes \u00e8 quello di avvicinare quanti pi\u00f9 professionisti laureati ed abilitati in Medicina e Chirurgia o in Scienze Infermieristiche operanti nel campo dell\u2019emergenza ed urgenza intra ed extraospedaliera possibile all\u2019utilizzo dell\u2019ecografia clinica attraverso attivit\u00e0 incontri, corsi o ogni altro mezzo finalizzato allo scopo di cui sopra. Inoltre si prefigge di riunire presso di essa operatori di ogni et\u00e0, sesso e nazionalit\u00e0.<\/p>\n\n\n\n<p><strong><em>Articolo 3: Sede<\/em><\/strong><\/p>\n\n\n\n<p>L\u2019Associazione ha sede legale in Milano, Via Amp\u00e8re 77.<\/p>\n\n\n\n<p>I trasferimenti della sede legale potranno essere e\ufb00ettuati, su proposta del Consiglio, approvata<\/p>\n\n\n\n<p>dall\u2019Assemblea Ordinaria dei Soci.<\/p>\n\n\n\n<p class=\"has-text-align-center\"><strong><em>Sezione 2: Soci, Organi dell\u2019Associazione, Cariche Sociali<\/em><\/strong><\/p>\n\n\n\n<p class=\"has-text-align-center\"><strong><em>Soci<\/em><\/strong><\/p>\n\n\n\n<p><strong><em>Articolo 4<\/em><\/strong><\/p>\n\n\n\n<p>I soci si dividono in ordinari, sostenitori e onorari. L\u2019appartenenza all\u2019una o all\u2019altra categoria di soci, secondo quanto descritto nel presente articolo non pregiudica l\u2019uniformit\u00e0 del rapporto associativo e delle modalit\u00e0 di partecipazione alla vita associativa, con identici diritti in capo a tutti i soci maggiori di et\u00e0. Ciascun associato conserva la propria autonomia nei confronti di Echoes, ad eccezione di quanto concerne l\u2019organizzazione di  manifestazioni per le quali sia stata richiesta ed ottenuta l\u2019approvazione dell\u2019associazione.<\/p>\n\n\n\n<p>Sono:<\/p>\n\n\n\n<p>&#8211; soci ordinari i singoli medici o infermieri, i quali abbiano chiesto ed ottenuto l\u2019iscrizione ad Echoes;<\/p>\n\n\n\n<p>&#8211; soci sostenitori le persone fisiche o giuridiche che, con liberalit\u00e0, contribuiscano, previa accettazione del Consiglio, al sostegno economico delle iniziative di Echoes; <\/p>\n\n\n\n<p>&#8211; soci onorari le persone fisiche o giuridiche alle quali il Consiglio abbia attribuito, con specifica motivazione, questo titolo di merito.<\/p>\n\n\n\n<p>I soci sostenitori ed onorari non acquisiscono particolari diritti oltre quanto previsto dal presente Statuto.<\/p>\n\n\n\n<p><strong><em>Articolo 5<\/em><\/strong><\/p>\n\n\n\n<p>L\u2019adesione ad Echoes comporta il versamento annuale della quota associativa nella misura stabilita dal Consiglio. I soci onorari e i soci sostenitori non sono tenuti al versamento della quota associativa.<\/p>\n\n\n\n<p><strong><em>Articolo 6<\/em><\/strong><\/p>\n\n\n\n<p>La qualifica di socio si intende conferita a tempo indeterminato, \u00e8 intrasmissibile e inalienabile e si perde unicamente per dimissioni, per morte del socio, per mancato versamento della quota associativa annuale nel termine previsto dallo Statuto, o per revoca proposta dal Collegio dei Probiviri e deliberata dall\u2019Assemblea Ordinaria dei soci a causa di motivata ragione.<\/p>\n\n\n\n<p>La quota associativa \u00e8 intrasmissibile, inalienabile, non \u00e8 rivalutabile e non \u00e8 frazionabile. I soci, in caso di motivi di particolare gravit\u00e0, possono essere sospesi dal Consiglio, su proposta motivata del Collegio dei Probiviri, fino alla decisione dell\u2019Assemblea dei soci.<\/p>\n\n\n\n<p class=\"has-text-align-center\"><strong><em>Organi dell\u2019Associazione<\/em><\/strong><\/p>\n\n\n\n<p><strong><em>Articolo 7<\/em><\/strong><\/p>\n\n\n\n<p>L\u2019Assemblea \u00e8 costituita, oltre che dai soci onorari e sostenitori, dai soci ordinari ed in regola con il versamento della quota annuale nei termini previsti dall\u2019art. 5.<\/p>\n\n\n\n<p>L\u2019Assemblea pu\u00f2 essere Ordinaria o Straordinaria.<\/p>\n\n\n\n<p><strong><em>Articolo 8<\/em><\/strong><\/p>\n\n\n\n<p>A ciascun socio e\ufb00ettivo e a ciascun socio ordinario, sostenitore e onorario, maggiore d\u2019et\u00e0 spetta un voto. I soci ordinari, sostenitori e onorari iscritti se personalmente presenti in assemblea, possono votare di persona. Se non personalmente presenti in assemblea, possono farsi rappresentare nel voto da qualsiasi altro socio Echoes munito di delega scritta.<\/p>\n\n\n\n<p>Tutti i votanti devono essere in regola con le norme associative di cui all\u2019art. 5. Ogni persona fisica non pu\u00f2 ricevere pi\u00f9 di cinque deleghe. Le votazioni per l\u2019elezione del Presidente, dei membri del Consiglio, del Revisore dei Conti e la revoca della qualifica di socio, su proposta del Collegio dei Probiviri, vengono e\ufb00ettuate a scrutinio segreto. Le altre votazioni assembleari sono e\ufb00ettuate a scrutinio palese o, in casi particolari e su decisione del Presidente dell\u2019Assemblea, per appello nominale.<\/p>\n\n\n\n<p><strong><em>Articolo 9<\/em><\/strong><\/p>\n\n\n\n<p>L\u2019Assemblea provvede a designare, con votazione palese o per acclamazione, il proprio Presidente e due scrutatori. Il Presidente dell\u2019Assemblea designa il Segretario dell\u2019Assemblea.<\/p>\n\n\n\n<p class=\"has-text-align-center\"><strong><em>Assemblea Ordinaria<\/em><\/strong><\/p>\n\n\n\n<p><strong><em>Articolo 10<\/em><\/strong><\/p>\n\n\n\n<p>L\u2019Assemblea Ordinaria \u00e8 convocata dal Consiglio, in sede appositamente prescelta, entro il mese di giugno di ogni anno o comunque tutte le volte che si debba procedere al rinnovo totale delle cariche sociali, con avviso in bacheca.<\/p>\n\n\n\n<p>L\u2019Assemblea Ordinaria \u00e8 validamente costituita in prima convocazione con l\u2019intervento di pi\u00f9 della met\u00e0 dei soci aventi diritto al voto, presenti o rappresentati. In seconda convocazione l\u2019Assemblea Ordinaria \u00e8 validamente costituita qualunque sia il numero dei soci aventi diritto al voto, presenti o rappresentati. Viene considerata presenza e\ufb00ettiva anche la teleconferenza.<\/p>\n\n\n\n<p><strong><em>Articolo 11<\/em><\/strong><\/p>\n\n\n\n<p>L\u2019Assemblea Ordinaria ha in particolare il compito di:<\/p>\n\n\n\n<p>&#8211; esaminare ed approvare la relazione sulle attivit\u00e0 dell\u2019Associazione, il Bilancio Consuntivo e Preventivo annuali;<\/p>\n\n\n\n<p>&#8211; eleggere, alla scadenza del loro mandato, il Presidente, i membri del Consiglio , del Revisore dei Conti;<\/p>\n\n\n\n<p>&#8211; ratificare le quote associative deliberate dal Consiglio e disporre eventuali conguagli;<\/p>\n\n\n\n<p>&#8211; revocare la qualifica di socio;<\/p>\n\n\n\n<p>&#8211; deliberare sulle responsabilit\u00e0 dei componenti i vari organi dell\u2019Associazione;<\/p>\n\n\n\n<p>&#8211; ratificare i regolamenti disposti dal Consiglio;<\/p>\n\n\n\n<p>&#8211; discutere e deliberare su ogni altro argomento posto all\u2019ordine del giorno.<\/p>\n\n\n\n<p>L\u2019Assemblea Ordinaria pu\u00f2 eleggere, su proposta del Consiglio, un \u201cPresidente ad Honorem\u201d.<\/p>\n\n\n\n<p>L\u2019Assemblea Ordinaria delibera a maggioranza dei voti dei presenti.<\/p>\n\n\n\n<p class=\"has-text-align-center\"><strong><em>Assemblea Straordinaria<\/em><\/strong><\/p>\n\n\n\n<p><strong><em>Articolo 12<\/em><\/strong><\/p>\n\n\n\n<p>L\u2019Assemblea Straordinaria \u00e8 convocata dal Consiglio con le modalit\u00e0 dell\u2019Assemblea Ordinaria, per deliberare su modifiche allo Statuto, o quando lo ritenga necessario, oppure in seguito a richiesta scritta e motivata da parte di almeno un quarto degli aventi diritto al voto; in questo ultimo caso la convocazione deve avvenire entro novanta giorni dal ricevimento della richiesta. L\u2019Assemblea Straordinaria \u00e8 validamente costituita quando sono presenti o rappresentati pi\u00f9 della met\u00e0 degli aventi diritto al voto. Viene considerata presenza e\ufb00ettiva anche la teleconferenza. L\u2019Assemblea Straordinaria delibera con la maggioranza dei due terzi dei voti dei presenti.<\/p>\n\n\n\n<p class=\"has-text-align-center\"><strong><em>Presidente<\/em><\/strong><\/p>\n\n\n\n<p><strong><em>Articolo 13<\/em><\/strong><\/p>\n\n\n\n<p>Il Presidente rappresenta giuridicamente L\u2019associazione secondo le vigenti norme di legge. Viene eletto dall\u2019Assemblea Ordinaria, in prima votazione con la maggioranza dei due terzi dei voti dei presenti, in seconda votazione con il ballottaggio tra i due candidati che, nella prima votazione, hanno ottenuto il maggior numero dei voti.<\/p>\n\n\n\n<p>La votazione per l\u2019elezione del Presidente viene e\ufb00ettuata con scheda separata ed anticipatamente a quella per le altre cariche. Dirige la politica generale dell\u2019Associazione e ne \u00e8 responsabile. Presiede il Consiglio, adotta provvedimenti d\u2019urgenza. Concede onorificenze e patrocini. Concede deleghe per particolari compiti o funzioni. Dura in carica cinque anni.<\/p>\n\n\n\n<p>Ha il compito di:<\/p>\n\n\n\n<p>&#8211; coordinare la realizzazione delle direttive del Consiglio;<\/p>\n\n\n\n<p>&#8211; curare la tenuta dei libri sociali; curare la gestione economica e finanziaria, sottoponendo periodicamente al controllo del Revisore dei Conti la situazione contabile;<\/p>\n\n\n\n<p>&#8211; curare l\u2019organizzazione e la documentazione delle attivit\u00e0;<\/p>\n\n\n\n<p>&#8211; dirigere, organizzare e controllare i servizi di Sede.<\/p>\n\n\n\n<p>In caso di assenza o impedimento viene sostituito dal Vicepresidente; in caso di mancanza di quest\u2019ultimo dal Membro del Consiglio con la maggiore anzianit\u00e0 di appartenenza al Consiglio stesso, valorizzata dall\u2019anzianit\u00e0 di iscrizione ad Echoes.<\/p>\n\n\n\n<p class=\"has-text-align-center\"><strong><em>Consiglio<\/em><\/strong><\/p>\n\n\n\n<p><strong><em>Articolo 14<\/em><\/strong><\/p>\n\n\n\n<p>Il Consiglio \u00e8 costituito da almeno due membri, fino ad un massimo di cinque: il Presidente dell\u2019Associazione ed altri quattro membri eletti con votazione separata. Il Consiglio dura in carica cinque anni. Tutti i soci sono eleggibili, purch\u00e9 abbiano compiuto il 18\u00b0 anno di et\u00e0, non sussista nei loro confronti un procedimento all\u2019esame del Collegio dei Probiviri e siano in regola con le quote associative entro i termini di cui all\u2019art. 5. Risultano eletti coloro che riportano la maggioranza relativa dei voti. In caso di parit\u00e0 si proceder\u00e0 alle nomine in base all\u2019anzianit\u00e0 di iscrizione ad Echoes, con i dati in possesso della Segreteria.<\/p>\n\n\n\n<p><strong><em>Articolo 15<\/em><\/strong><\/p>\n\n\n\n<p>Entro trenta giorni dalle avvenute elezioni il Presidente eletto deve convocare in riunione il Consiglio. In detta riunione, su proposta del Presidente, il Consiglio nomina il Vicepresidente. Il Consiglio si riunisce almeno due volte l\u2019anno, dietro convocazione trasmessa almeno quindici giorni prima della data prevista, su invito del Presidente o di pi\u00f9 della met\u00e0 dei membri del Consiglio stesso.<\/p>\n\n\n\n<p>Il Consiglio \u00e8 validamente costituito quando \u00e8 presente pi\u00f9 della met\u00e0 dei suoi membri. Le delibere sono adottate a maggioranza, in caso di parit\u00e0 prevale il voto del Presidente. I Consiglieri non hanno facolt\u00e0 di delega. Viene considerata presenza e\ufb00ettiva anche la teleconferenza. Il Consiglio destituisce dal suo incarico il Consigliere che per tre volte, senza giustificato motivo o per ricusa, risulti assente alle riunioni.<\/p>\n\n\n\n<p>In caso di decadenza di uno o pi\u00f9 Consiglieri, questi vengono sostituiti provvisoriamente dai primi esclusi che abbiano ottenuto almeno un decimo dei voti validi, sino alla successiva Assemblea Ordinaria, nella quale saranno eletti i Consiglieri mancanti tra coloro che, si erano candidati. Il loro incarico decade con quello del Consiglio nel quale subentrano.<\/p>\n\n\n\n<p>Se viene a mancare la maggioranza del Consiglio, i Consiglieri rimasti in carica convocano l\u2019Assemblea nel termine di novanta giorni e nei modi previsti dall\u2019art. 10 perch\u00e9 vengano eletti i membri mancanti; le candidature dovranno pervenire sessanta giorni prima della data assembleare ed essere comunicate ai soci a mezzo pubblicazione sull\u2019Organo U\ufb03ciale.<\/p>\n\n\n\n<p>Se viene a mancare tutto il Consiglio, il Revisore dei Conti compie gli atti di ordinaria amministrazione e convoca, nei modi e nei tempi previsti dal comma precedente, l\u2019Assemblea dei soci per l\u2019elezione di un nuovo Consigli. I componenti il Consiglio sono responsabili verso L\u2019Associazione secondo le norme del Codice  Civile in tema di mandato.<\/p>\n\n\n\n<p><strong><em>Articolo 16<\/em><\/strong><\/p>\n\n\n\n<p>Il Consiglio ha il compito di:<\/p>\n\n\n\n<p>&#8211; nominare, su proposta del Presidente, il Vicepresidente;<\/p>\n\n\n\n<p>&#8211; definire i programmi dell\u2019Associazione, secondo le finalit\u00e0 di cui all\u2019art. 2;<\/p>\n\n\n\n<p>&#8211; redigere i progetti di Bilancio Consuntivo e Preventivo da sottoporre all\u2019approvazione dell\u2019Assemblea dei Soci;<\/p>\n\n\n\n<p>&#8211; stabilire le quote associative e proporre eventuali conguagli;<\/p>\n\n\n\n<p>&#8211; emanare i regolamenti per la pratica attuazione delle finalit\u00e0 statutarie;<\/p>\n\n\n\n<p>&#8211; ratificare l\u2019iscrizione di nuovi soci;<\/p>\n\n\n\n<p>&#8211; disporre la sospensione di soci ed il deferimento di soci al  Collegio dei Probiviri.<\/p>\n\n\n\n<p>I Consiglieri, oltre a rappresentare l\u2019Associazione, ove necessario, possono essere delegati dal Consiglio stesso alla direzione e responsabilit\u00e0 nell\u2019ambito delle attivit\u00e0 federative.<\/p>\n\n\n\n<p class=\"has-text-align-center\"><strong><em>Revisore dei Conti<\/em><\/strong><\/p>\n\n\n\n<p><strong><em>Articolo 17<\/em><\/strong><\/p>\n\n\n\n<p>Il Revisore dei Conti dura in carica cinque anni. Non possono essere Revisore dei Conti coloro che sono parenti od a\ufb03ni del Presidente o dei Consiglieri e coloro nei confronti dei quali sussista un procedimento all\u2019esame del Collegio dei Probiviri. Nel caso di sopravvenuta mancanza questi vengono sostituiti provvisoriamente dai membri supplenti o dai primi esclusi che abbiano ottenuto almeno un decimo dei voti validi, sino alla successiva Assemblea Ordinaria, nella quale saranno eletti i membri mancanti tra coloro che si erano candidati. Il loro incarico decade con quello del<\/p>\n\n\n\n<p>Collegio nel quale subentrano.<\/p>\n\n\n\n<p>Il Revisore dei Conti ha i seguenti compiti:<\/p>\n\n\n\n<p>&#8211; controllare la gestione e la contabilit\u00e0 sociale, il Bilancio Consuntivo e Preventivo annuali che gli devono pervenire dal Consiglio Direttivo almeno 60 giorni prima dell\u2019assemblea dei Soci;<\/p>\n\n\n\n<p>&#8211; redigere la relazione sul Bilancio Consuntivo annuale, da presentare all\u2019Assemblea dei Soci;<\/p>\n\n\n\n<p>&#8211; procedere al controllo della contabilit\u00e0 sociale almeno tre volte all\u2019anno, o su richiesta del Presidente, o del Vicepresidente o di almeno tre Consiglieri.<\/p>\n\n\n\n<p>Il Revisore dei Conti presenzia alle riunioni del Consiglio senza diritto di voto.<\/p>\n\n\n\n<p class=\"has-text-align-center\"><strong><em>Collegio dei Probiviri<\/em><\/strong><\/p>\n\n\n\n<p><strong><em>Articolo 18<\/em><\/strong><\/p>\n\n\n\n<p>Il Collegio dei Probiviri \u00e8 composto dai tre membri e\ufb00ettivi pi\u00f9 anziani.<\/p>\n\n\n\n<p>Il Collegio dei Probiviri ha il compito di:<\/p>\n\n\n\n<p>&#8211; valutare l\u2019esistenza di violazioni del presente Statuto;<\/p>\n\n\n\n<p>&#8211; intervenire quale conciliatore nelle controversie;<\/p>\n\n\n\n<p>&#8211; proporre al giudizio del Consiglio l\u2019applicazione di provvedimenti disciplinari nelle occasioni di cui ai commi precedenti e nei confronti dei soci che si siano resi responsabili di comportamenti lesivi dell\u2019Associazione.<\/p>\n\n\n\n<p class=\"has-text-align-center\"><strong><em>Vicepresidente<\/em><\/strong><\/p>\n\n\n\n<p><strong><em>Articolo 19<\/em><\/strong><\/p>\n\n\n\n<p>Il Vicepresidente viene nominato dal Consiglio tra i propri membri, su proposta del Presidente. Il Vicepresidente, in caso di impedimento del Presidente, ne assume temporaneamente le funzioni e le responsabilit\u00e0 giuridiche.<\/p>\n\n\n\n<p>Decade alla scadenza del Consiglio che lo ha nominato, tuttavia pu\u00f2 essere destituito con il voto della maggioranza del Consiglio stesso.<\/p>\n\n\n\n<p class=\"has-text-align-center\"><strong><em>Patrimonio dell\u2019Associazione<\/em><\/strong><\/p>\n\n\n\n<p><strong><em>Articolo 20<\/em><\/strong><\/p>\n\n\n\n<p>Il patrimonio dell&#8217;Associazione si compone:<\/p>\n\n\n\n<p>&#8211; di un contributo annuale che gli associati debbono versare, nella misura che \u00e8 annualmente<\/p>\n\n\n\n<p>stabilita dall&#8217;Assemblea su proposta del Consiglio Direttivo, nelle casse dell&#8217;Associazione;<\/p>\n\n\n\n<p>&#8211; di contributi straordinari che gli associati possono spontaneamente versare;<\/p>\n\n\n\n<p>&#8211; di tutti quei capitali o beni mobiliari e immobiliari che a qualsiasi titolo pervenissero<\/p>\n\n\n\n<p>all&#8217;Associazione.<\/p>\n\n\n\n<p>I soci non hanno diritti sul patrimonio dell&#8217;Associazione.<\/p>\n\n\n\n<p>Durante la vita dell&#8217;organizzazione, il patrimonio sociale non pu\u00f2 essere destinato o distribuito, anche in modo indiretto, a meno che la destinazione o la distribuzione non siano imposte per legge.<\/p>\n\n\n\n<p>In caso di scioglimento dell&#8217;Associazione, il patrimonio sociale netto sar\u00e0 devoluto ad altre associazioni con finalit\u00e0 analoghe o ai fini di pubblica utilit\u00e0, nei modi e nei tempi stabiliti dall&#8217;Assemblea che delibera lo scioglimento, salvo diversa destinazione imposta dalla legge.<\/p>\n\n\n\n<p class=\"has-text-align-center\"><strong><em>Rimborsi Spese &#8211; Compensi<\/em><\/strong><\/p>\n\n\n\n<p><strong><em>Articolo 21<\/em><\/strong><\/p>\n\n\n\n<p>A tutte le cariche associative, ai componenti degli Organi Collegiali ed ai collaboratori volontari tutti non competono compensi di alcun genere, ma solo rimborsi spese nella misura stabilita dal Consiglio e comunque in misura non superiore all\u2019e\ufb00ettivo esborso sostenuto dal socio o collaboratore.<\/p>\n\n\n\n<p class=\"has-text-align-center\"><strong><em>Sezione 4: Norme Finali<\/em><\/strong><\/p>\n\n\n\n<p><strong><em>Articolo 22<\/em><\/strong><\/p>\n\n\n\n<p>Per ogni controversia che dovesse insorgere tra l\u2019associazione ed uno o pi\u00f9 soci e non composta amichevolmente dal Collegio dei Probiviri, unico foro competente sar\u00e0 quello della citt\u00e0 dove ha sede l\u2019Associazione.<\/p>\n\n\n\n<p><strong><em>Articolo 23<\/em><\/strong><\/p>\n\n\n\n<p>L\u2019attivit\u00e0 dell\u2019Associazione \u00e8 prevista fino al 31\/12\/2100 salvo proroga od anticipato scioglimento. Lo scioglimento \u00e8 deliberato dall\u2019Assemblea Straordinaria con il voto di almeno i due terzi dei soci aventi diritto al voto. In caso di scioglimento per qualunque causa, il patrimonio sar\u00e0 devoluto ad altra associazione avente finalit\u00e0 analoghe o fini di pubblica utilit\u00e0, sentito l\u2019organismo di controllo di cui all\u2019articolo 3, comma 190, della legge 23 dicembre 1996, n. 662, e salva ogni diversa destinazione imposta dalla legge.<\/p>\n\n\n\n<p><strong><em>Articolo 24<\/em><\/strong><\/p>\n\n\n\n<p>L\u2019iscrizione ad Echoes implica l\u2019accettazione integrale del presente Statuto. Il Consiglio \u00e8 demandato ad emanare appositi Regolamenti di attuazione dello Statuto. Per quanto non contemplato nel presente Statuto si fa riferimento alle normative di legge vigenti, riguardanti le Associazioni senza scopo di lucro e gli enti non commerciali.<\/p>\n","protected":false},"excerpt":{"rendered":"<p>Echoes &#8211; The Sound of the Body Statuto Sezione 1: Denominazione, Scopo e Sede Articolo 1: Denominazione Il giorno 7 giugno 2012, su iniziativa dei soci promotori Andrea Casamassima e Diego Mariani si \u00e8 costituita l\u2019associazione culturale Echoes &#8211; The Sound of the Body (di seguito Echoes o l\u2019Associazione). Echoes \u00e8 una libera associazione senza [&hellip;]<\/p>\n","protected":false},"author":1,"featured_media":0,"parent":0,"menu_order":0,"comment_status":"closed","ping_status":"closed","template":"","meta":{"footnotes":""},"class_list":["post-21","page","type-page","status-publish","hentry"],"_links":{"self":[{"href":"https:\/\/www.thesoundofthebody.org\/index.php\/wp-json\/wp\/v2\/pages\/21","targetHints":{"allow":["GET"]}}],"collection":[{"href":"https:\/\/www.thesoundofthebody.org\/index.php\/wp-json\/wp\/v2\/pages"}],"about":[{"href":"https:\/\/www.thesoundofthebody.org\/index.php\/wp-json\/wp\/v2\/types\/page"}],"author":[{"embeddable":true,"href":"https:\/\/www.thesoundofthebody.org\/index.php\/wp-json\/wp\/v2\/users\/1"}],"replies":[{"embeddable":true,"href":"https:\/\/www.thesoundofthebody.org\/index.php\/wp-json\/wp\/v2\/comments?post=21"}],"version-history":[{"count":3,"href":"https:\/\/www.thesoundofthebody.org\/index.php\/wp-json\/wp\/v2\/pages\/21\/revisions"}],"predecessor-version":[{"id":71,"href":"https:\/\/www.thesoundofthebody.org\/index.php\/wp-json\/wp\/v2\/pages\/21\/revisions\/71"}],"wp:attachment":[{"href":"https:\/\/www.thesoundofthebody.org\/index.php\/wp-json\/wp\/v2\/media?parent=21"}],"curies":[{"name":"wp","href":"https:\/\/api.w.org\/{rel}","templated":true}]}}